{"id":68,"date":"2015-10-08T23:51:48","date_gmt":"2015-10-08T21:51:48","guid":{"rendered":"http:\/\/wpshop.bezirkzwo.de\/?post_type=product&#038;p=68"},"modified":"2018-10-23T01:03:34","modified_gmt":"2018-10-22T23:03:34","slug":"seany-hallo","status":"publish","type":"product","link":"https:\/\/bezirkzwo.de\/shop\/produkt\/seany-hallo\/","title":{"rendered":"Seany Hallo EP | CD"},"content":{"rendered":"<p>Seany aka. Seasen\u00a0ver\u00f6ffentlicht 2012 seine erste EP &#8220;Hallo&#8221; und ebnet damit den Weg zum ersten Album.<\/p>\n<p>Die EP besteht aus 6 Tracks und \u00fcberzeugt gr\u00f6\u00dftenteils durch die Rapskills.<br \/>\nDie Beats stammen von Bennett On und The Maze und Tu-Rul.<\/p>\n<p><strong>Trackliste:<br \/>\n<\/strong>1. Seany &#8211; Hallo prod. by Tu-Rul<br \/>\n2. Seany &#8211; Ich Kenn Einen (feat. K12) prod. by Bennett On<br \/>\n3. Seany &#8211; Im Studio prod. by Bennett On<br \/>\n4. Seany &#8211; Leicht Gest\u00f6rt prod. by Bennett On<br \/>\n5. Seany &#8211; Aufgewachsen prod. by Bennett On<br \/>\n6. Seany &#8211; Ich Weiss prod. by The Maze<br \/>\n+ Hidden Track (Aggro.tv &#8211; HDF)<\/p>\n<p>Alle Preise zzgl. Mwst. und Versandkosten.<\/p>\n","protected":false},"excerpt":{"rendered":"<p>Seany &#8211; Hallo EP<br \/>\n6 Songs + Hidden Track.<br \/>\nBeats by Bennett On<br \/>\nThe Maze und Tu-Rul.<br \/>\nLimitierte St\u00fcckzahl!<\/p>\n","protected":false},"featured_media":265,"template":"","meta":[],"product_brand":[],"product_cat":[29],"product_tag":[],"class_list":{"0":"post-68","1":"product","2":"type-product","3":"status-publish","4":"has-post-thumbnail","6":"product_cat-musik","7":"product_shipping_class-paeckchen","9":"first","10":"outofstock","11":"taxable","12":"shipping-taxable","13":"purchasable","14":"product-type-simple"},"_links":{"self":[{"href":"https:\/\/bezirkzwo.de\/shop\/wp-json\/wp\/v2\/product\/68","targetHints":{"allow":["GET"]}}],"collection":[{"href":"https:\/\/bezirkzwo.de\/shop\/wp-json\/wp\/v2\/product"}],"about":[{"href":"https:\/\/bezirkzwo.de\/shop\/wp-json\/wp\/v2\/types\/product"}],"wp:featuredmedia":[{"embeddable":true,"href":"https:\/\/bezirkzwo.de\/shop\/wp-json\/wp\/v2\/media\/265"}],"wp:attachment":[{"href":"https:\/\/bezirkzwo.de\/shop\/wp-json\/wp\/v2\/media?parent=68"}],"wp:term":[{"taxonomy":"product_brand","embeddable":true,"href":"https:\/\/bezirkzwo.de\/shop\/wp-json\/wp\/v2\/product_brand?post=68"},{"taxonomy":"product_cat","embeddable":true,"href":"https:\/\/bezirkzwo.de\/shop\/wp-json\/wp\/v2\/product_cat?post=68"},{"taxonomy":"product_tag","embeddable":true,"href":"https:\/\/bezirkzwo.de\/shop\/wp-json\/wp\/v2\/product_tag?post=68"}],"curies":[{"name":"wp","href":"https:\/\/api.w.org\/{rel}","templated":true}]}}