{"id":652,"date":"2018-10-22T21:41:36","date_gmt":"2018-10-22T19:41:36","guid":{"rendered":"http:\/\/shop.bezirkzwo.de\/?post_type=product&#038;p=652"},"modified":"2023-04-27T15:48:50","modified_gmt":"2023-04-27T13:48:50","slug":"chaua-shirt-grau","status":"publish","type":"product","link":"https:\/\/bezirkzwo.de\/shop\/produkt\/chaua-shirt-grau\/","title":{"rendered":"Amer Wakka Chaua | Shirt Grau"},"content":{"rendered":"<p>Das neue Amer Wakka Shirt &#8220;Chaua&#8221; ist da!<br \/>\nZentriertes Design von Biatsch One mit hohem Wiedererkennungswert.<br \/>\nHandgefertigter Siebdruck aus eigener Produktion.<br \/>\nQualitativ hochwertiger Stoff aus reiner Baumwolle \u2013 fair angebaut und verarbeitet.<\/p>\n<p>Materialinformation:<br \/>\n100% Baumwolle<br \/>\nGr\u00f6\u00dfe M entspricht einer ungef\u00e4hren Shirt-L\u00e4nge von 75,5 cm.<br \/>\nGewicht: grau 197 g\/m\u00b2<\/p>\n<p>Hinweis f\u00fcr die optimale Pflege:<br \/>\nPrint beim Waschen nach Innen drehen! Bis 40 Grad waschbar.<\/p>\n<p>Alle Preise zzgl. Mwst. und Versandkosten.<br \/>\nVersand sp\u00e4testens 3 \u2013 4 Werktage nach Zahlungseingang.<\/p>\n","protected":false},"excerpt":{"rendered":"<div>\n<ul>\n<li>Top Qualit\u00e4t<\/li>\n<li>100% Baumwolle<\/li>\n<li>Premium Siebdruck<\/li>\n<li>Hoher Tragekomfort<\/li>\n<li>Schwerer Stoff (197 g\/m\u00b2)<\/li>\n<\/ul>\n<\/div>\n","protected":false},"featured_media":658,"template":"","meta":[],"product_brand":[],"product_cat":[28],"product_tag":[32],"class_list":{"0":"post-652","1":"product","2":"type-product","3":"status-publish","4":"has-post-thumbnail","6":"product_cat-kleidung","7":"product_tag-b2","9":"first","10":"outofstock","11":"taxable","12":"shipping-taxable","13":"purchasable","14":"product-type-variable"},"_links":{"self":[{"href":"https:\/\/bezirkzwo.de\/shop\/wp-json\/wp\/v2\/product\/652","targetHints":{"allow":["GET"]}}],"collection":[{"href":"https:\/\/bezirkzwo.de\/shop\/wp-json\/wp\/v2\/product"}],"about":[{"href":"https:\/\/bezirkzwo.de\/shop\/wp-json\/wp\/v2\/types\/product"}],"wp:featuredmedia":[{"embeddable":true,"href":"https:\/\/bezirkzwo.de\/shop\/wp-json\/wp\/v2\/media\/658"}],"wp:attachment":[{"href":"https:\/\/bezirkzwo.de\/shop\/wp-json\/wp\/v2\/media?parent=652"}],"wp:term":[{"taxonomy":"product_brand","embeddable":true,"href":"https:\/\/bezirkzwo.de\/shop\/wp-json\/wp\/v2\/product_brand?post=652"},{"taxonomy":"product_cat","embeddable":true,"href":"https:\/\/bezirkzwo.de\/shop\/wp-json\/wp\/v2\/product_cat?post=652"},{"taxonomy":"product_tag","embeddable":true,"href":"https:\/\/bezirkzwo.de\/shop\/wp-json\/wp\/v2\/product_tag?post=652"}],"curies":[{"name":"wp","href":"https:\/\/api.w.org\/{rel}","templated":true}]}}