{"id":585,"date":"2018-10-22T21:50:01","date_gmt":"2018-10-22T19:50:01","guid":{"rendered":"http:\/\/shop.bezirkzwo.de\/?post_type=product&#038;p=585"},"modified":"2022-07-15T18:23:28","modified_gmt":"2022-07-15T16:23:28","slug":"bezirk-zwo-muetze-schwarz","status":"publish","type":"product","link":"https:\/\/bezirkzwo.de\/shop\/produkt\/bezirk-zwo-muetze-schwarz\/","title":{"rendered":"Bezirk Zwo | M\u00fctze Schwarz"},"content":{"rendered":"<p>Die klassische Bezirk Zwo Strickm\u00fctze.<br \/>\nHoher Komfort \/ hohe Robustheit. Perfekt f\u00fcr k\u00e4ltere Tage!<\/p>\n<p>Materialinformation:<br \/>\nStrickm\u00fctze mit breiter Krempe.<br \/>\nUnisex Gr\u00f6\u00dfe \/ 100 % Polyacryl.<br \/>\nFarbe: Schwarz<\/p>\n<p>Hinweis f\u00fcr die optimale Pflege: Bei 30 Grad waschen.<\/p>\n<p>Alle Preise zzgl. Mwst. und Versandkosten.<br \/>\nVersand sp\u00e4testens 3 \u2013 4 Werktage nach Zahlungseingang.<\/p>\n","protected":false},"excerpt":{"rendered":"<p>Die klassische Bezirk Zwo Strickm\u00fctze. Hoher Komfort \/ hohe Robustheit. Perfekt f\u00fcr k\u00e4ltere Tage! Materialinformation: Strickm\u00fctze mit breiter Krempe. Unisex Gr\u00f6\u00dfe \/ 100 % Polyacryl. Farbe: Schwarz Hinweis f\u00fcr die optimale Pflege: Bei 30 Grad waschen. Alle Preise zzgl. Mwst. und Versandkosten. Versand sp\u00e4testens 3 \u2013 4 Werktage nach Zahlungseingang.<\/p>\n","protected":false},"featured_media":587,"template":"","meta":[],"product_brand":[],"product_cat":[28],"product_tag":[32],"class_list":{"0":"post-585","1":"product","2":"type-product","3":"status-publish","4":"has-post-thumbnail","6":"product_cat-kleidung","7":"product_tag-b2","9":"first","10":"outofstock","11":"taxable","12":"shipping-taxable","13":"purchasable","14":"product-type-simple"},"_links":{"self":[{"href":"https:\/\/bezirkzwo.de\/shop\/wp-json\/wp\/v2\/product\/585","targetHints":{"allow":["GET"]}}],"collection":[{"href":"https:\/\/bezirkzwo.de\/shop\/wp-json\/wp\/v2\/product"}],"about":[{"href":"https:\/\/bezirkzwo.de\/shop\/wp-json\/wp\/v2\/types\/product"}],"wp:featuredmedia":[{"embeddable":true,"href":"https:\/\/bezirkzwo.de\/shop\/wp-json\/wp\/v2\/media\/587"}],"wp:attachment":[{"href":"https:\/\/bezirkzwo.de\/shop\/wp-json\/wp\/v2\/media?parent=585"}],"wp:term":[{"taxonomy":"product_brand","embeddable":true,"href":"https:\/\/bezirkzwo.de\/shop\/wp-json\/wp\/v2\/product_brand?post=585"},{"taxonomy":"product_cat","embeddable":true,"href":"https:\/\/bezirkzwo.de\/shop\/wp-json\/wp\/v2\/product_cat?post=585"},{"taxonomy":"product_tag","embeddable":true,"href":"https:\/\/bezirkzwo.de\/shop\/wp-json\/wp\/v2\/product_tag?post=585"}],"curies":[{"name":"wp","href":"https:\/\/api.w.org\/{rel}","templated":true}]}}