{"id":477,"date":"2017-10-03T00:10:13","date_gmt":"2017-10-02T22:10:13","guid":{"rendered":"http:\/\/shop.bezirkzwo.de\/?post_type=product&#038;p=477"},"modified":"2022-07-15T18:23:30","modified_gmt":"2022-07-15T16:23:30","slug":"abe-print","status":"publish","type":"product","link":"https:\/\/bezirkzwo.de\/shop\/produkt\/abe-print\/","title":{"rendered":"Abe | Print"},"content":{"rendered":"<p>Abe&#8217;s &#8220;K\u00f6lner Dom&#8221; ist jetzt endlich auch als Print erh\u00e4ltlich!<br \/>\nDas Original ist vielen bereits von den Graphic Days in K\u00f6ln und Berlin, sowie der &#8220;Dedicated to Abe &amp; Biatsch&#8221; Ausstellung bekannt. Au\u00dferdem gestaltet Abe mit seiner Dom Perspektive Anfang 2017 im Gro\u00dfformat den Eingang der Bezirk Zwo Agentur in der K\u00f6lner S\u00fcdstadt. Dieser Premium Print wurde in geringer Auflage hergestellt und zeigt einen f\u00fcr den K\u00fcnstler untypischen Style. Der eigentlich im Graffiti verwurzelte Abe malte das Original des &#8220;K\u00f6lner Doms&#8221; mit Markern und Acryl Farbe &#8211; der daraus entstandene Druck ein Blickfang an jeder Wand. Holen Sie sich den Domblick ins Haus! Ein echter Hingucker mit Wiedererkennungswert.\u00a0Sie haben hier die einzigartige M\u00f6glichkeit ein Artwork der ganz besonderen Art zu erwerben. Der Print\u00a0wird in Versandtasche aus Vollpappe (nicht knickbar) versendet. Mehr Informationen \u00fcber Abe erfahren Sie auf unserer Internetseite unter der Rubrik \u201e<a href=\"http:\/\/bezirkzwo.de\/artists\">K\u00fcnstler<\/a>\u201c.<\/p>\n<ul>\n<li>DIN A3 (420 x 297 mm) quer<\/li>\n<li>300 g\/m2 Papier (matt)<\/li>\n<li>Mit CO2-Ausgleich gedruckt<\/li>\n<li>Mit Signatur des K\u00fcnstlers<\/li>\n<\/ul>\n<p>Alle Preise zzgl. Mwst. und Versandkosten.<br \/>\nVersand sp\u00e4testens 3 \u2013 4 Werktage nach Zahlungseingang.<\/p>\n","protected":false},"excerpt":{"rendered":"<ul>\n<li>Premium Print in\u00a0A3<\/li>\n<li>Geringe Auflage<\/li>\n<li>Handsigniert<\/li>\n<li>300 g\/m\u00b2 Papier<\/li>\n<li>Querformat<\/li>\n<\/ul>\n","protected":false},"featured_media":479,"template":"","meta":[],"product_brand":[],"product_cat":[27],"product_tag":[32],"class_list":{"0":"post-477","1":"product","2":"type-product","3":"status-publish","4":"has-post-thumbnail","6":"product_cat-kunst","7":"product_tag-b2","8":"product_shipping_class-paket","10":"first","11":"instock","12":"taxable","13":"shipping-taxable","14":"purchasable","15":"product-type-simple"},"_links":{"self":[{"href":"https:\/\/bezirkzwo.de\/shop\/wp-json\/wp\/v2\/product\/477","targetHints":{"allow":["GET"]}}],"collection":[{"href":"https:\/\/bezirkzwo.de\/shop\/wp-json\/wp\/v2\/product"}],"about":[{"href":"https:\/\/bezirkzwo.de\/shop\/wp-json\/wp\/v2\/types\/product"}],"wp:featuredmedia":[{"embeddable":true,"href":"https:\/\/bezirkzwo.de\/shop\/wp-json\/wp\/v2\/media\/479"}],"wp:attachment":[{"href":"https:\/\/bezirkzwo.de\/shop\/wp-json\/wp\/v2\/media?parent=477"}],"wp:term":[{"taxonomy":"product_brand","embeddable":true,"href":"https:\/\/bezirkzwo.de\/shop\/wp-json\/wp\/v2\/product_brand?post=477"},{"taxonomy":"product_cat","embeddable":true,"href":"https:\/\/bezirkzwo.de\/shop\/wp-json\/wp\/v2\/product_cat?post=477"},{"taxonomy":"product_tag","embeddable":true,"href":"https:\/\/bezirkzwo.de\/shop\/wp-json\/wp\/v2\/product_tag?post=477"}],"curies":[{"name":"wp","href":"https:\/\/api.w.org\/{rel}","templated":true}]}}