{"id":429,"date":"2017-10-02T22:30:02","date_gmt":"2017-10-02T20:30:02","guid":{"rendered":"http:\/\/shop.bezirkzwo.de\/?post_type=product&#038;p=429"},"modified":"2018-10-23T20:11:23","modified_gmt":"2018-10-23T18:11:23","slug":"biatsch-one-bubble-style-white","status":"publish","type":"product","link":"https:\/\/bezirkzwo.de\/shop\/produkt\/biatsch-one-bubble-style-white\/","title":{"rendered":"Biatsch One | Print"},"content":{"rendered":"<p>Der wei\u00dfe Bubble Style &#8220;Biadge&#8221; von Biatsch One stammt aus dem Jahre 2016. Dieser Premium Print wurde in geringer Auflage hergestellt und zeigt einen f\u00fcr den K\u00fcnstler typischen Schriftzug. Der wei\u00dfe Bubble Style ist der Gegenpart zum 2017 entstandenen schwarzen \u201eBiadge\u201c Bubble Style. Beide Werke haben in jedem Falle etwas gemeinsam, denn sie wurden mit dem IPad Pro gefertigt. Dieser Schaffungsprozess verlangt vom K\u00fcnstler enorme\u00a0Fingerfertigkeit und Geduld und macht das Bild zu einer absoluten Seltenheit. Knallbunter Style mit riesiger Farbtiefe: Ein echter Hingucker mit Wiedererkennungswert.\u00a0Sie haben hier die einzigartige M\u00f6glichkeit ein Graffiti Artwork der ganz besonderen Art zu erwerben. Print\u00a0wird in Versandtasche aus Vollpappe (nicht knickbar) versendet. Mehr Informationen \u00fcber Biatsch One erfahren Sie auf unserer Internetseite unter der Rubrik \u201e<a href=\"http:\/\/bezirkzwo.de\/artists\/\">K\u00fcnstler<\/a>\u201c.<\/p>\n<ul>\n<li>DIN A3 (420 x 297 mm) quer<\/li>\n<li>300 g\/m2 Papier (matt)<\/li>\n<li>Mit CO2-Ausgleich gedruckt<\/li>\n<li>Mit Signatur des K\u00fcnstlers<\/li>\n<\/ul>\n<p>Alle Preise zzgl. Mwst. und Versandkosten.<br \/>\nVersand sp\u00e4testens 3 \u2013 4 Werktage nach Zahlungseingang.<\/p>\n","protected":false},"excerpt":{"rendered":"<div>\n<ul>\n<li>Premium A3-Print<\/li>\n<li>Geringe Auflage<\/li>\n<li>Handsigniert<\/li>\n<li>Made with IPad Pro<\/li>\n<li>Bubble Style<\/li>\n<\/ul>\n<\/div>\n","protected":false},"featured_media":482,"template":"","meta":[],"product_brand":[],"product_cat":[27],"product_tag":[],"class_list":{"0":"post-429","1":"product","2":"type-product","3":"status-publish","4":"has-post-thumbnail","6":"product_cat-kunst","7":"product_shipping_class-paeckchen","9":"first","10":"instock","11":"taxable","12":"shipping-taxable","13":"purchasable","14":"product-type-simple"},"_links":{"self":[{"href":"https:\/\/bezirkzwo.de\/shop\/wp-json\/wp\/v2\/product\/429","targetHints":{"allow":["GET"]}}],"collection":[{"href":"https:\/\/bezirkzwo.de\/shop\/wp-json\/wp\/v2\/product"}],"about":[{"href":"https:\/\/bezirkzwo.de\/shop\/wp-json\/wp\/v2\/types\/product"}],"wp:featuredmedia":[{"embeddable":true,"href":"https:\/\/bezirkzwo.de\/shop\/wp-json\/wp\/v2\/media\/482"}],"wp:attachment":[{"href":"https:\/\/bezirkzwo.de\/shop\/wp-json\/wp\/v2\/media?parent=429"}],"wp:term":[{"taxonomy":"product_brand","embeddable":true,"href":"https:\/\/bezirkzwo.de\/shop\/wp-json\/wp\/v2\/product_brand?post=429"},{"taxonomy":"product_cat","embeddable":true,"href":"https:\/\/bezirkzwo.de\/shop\/wp-json\/wp\/v2\/product_cat?post=429"},{"taxonomy":"product_tag","embeddable":true,"href":"https:\/\/bezirkzwo.de\/shop\/wp-json\/wp\/v2\/product_tag?post=429"}],"curies":[{"name":"wp","href":"https:\/\/api.w.org\/{rel}","templated":true}]}}