{"id":397,"date":"2018-10-22T21:42:19","date_gmt":"2018-10-22T19:42:19","guid":{"rendered":"http:\/\/shop.bezirkzwo.de\/?post_type=product&#038;p=397"},"modified":"2023-04-27T15:48:30","modified_gmt":"2023-04-27T13:48:30","slug":"haeuptling-shirt","status":"publish","type":"product","link":"https:\/\/bezirkzwo.de\/shop\/produkt\/haeuptling-shirt\/","title":{"rendered":"H\u00e4uptling | Shirt"},"content":{"rendered":"<p>Dieses Projekt bringt Berliner Streetart auf feinsten Bezirk Zwo Zwirn. Der Indianer H\u00e4uptling made by <a href=\"http:\/\/bezirkzwo.de\/kooperationen\/christopherkieling\/\">Christopher Kieling<\/a> ist auf verschiedenem Wege das perfekte Motiv f\u00fcr ein Shirt: Ein super aussagekr\u00e4ftiges Symbol das gleichzeitig ultradetailreich gestaltet wurde. Die Original Stift- und Tintenzeichnung\u00a0 entstand im Juni 2013 auf 24 x 29 cm gro\u00dfem Malkarton. Beim Stroke Art Festival in M\u00fcnchen im Sp\u00e4tsommer desselben Jahres, wurde der H\u00e4uptling dann im XXL Stil an eine Wand gebracht (<a href=\"https:\/\/vimeo.com\/77294604\">hier geht&#8217;s zum Video<\/a>).<\/p>\n<p>Durch einen feinen zwei Color Siebdruck k\u00f6nnen wir den H\u00e4uptling nun endlich auch auf einem Shirt tragen.<\/p>\n<p>Handgefertigter zwei Color Premium Siebdruck.<br \/>\nQualitativ hochwertiger Stoff aus reiner Baumwolle \u2013 fair angebaut und verarbeitet.<\/p>\n<p>Materialinformation:<br \/>\n100% Baumwolle<br \/>\nGr\u00f6\u00dfe M entspricht einer ungef\u00e4hren Shirt-L\u00e4nge von 75,5 cm.<br \/>\nGewicht: wei\u00df: 190 g\/m\u00b2<\/p>\n<p>Hinweis f\u00fcr die optimale Pflege:<br \/>\nPrint beim Waschen nach Innen drehen! Bis 40 Grad waschbar.<\/p>\n<p>Alle Preise zzgl. Mwst. und Versandkosten.<br \/>\nVersand sp\u00e4testens 3 \u2013 4 Werktage nach Zahlungseingang.<\/p>\n","protected":false},"excerpt":{"rendered":"<div>\n<ul>\n<li>Design by C. Kieling<\/li>\n<li>100% Baumwolle<\/li>\n<li>Premium Siebdruck<\/li>\n<li>Hoher Tragekomfort<\/li>\n<li>Schwerer Stoff<\/li>\n<\/ul>\n<\/div>\n","protected":false},"featured_media":701,"template":"","meta":[],"product_brand":[],"product_cat":[28],"product_tag":[32],"class_list":{"0":"post-397","1":"product","2":"type-product","3":"status-publish","4":"has-post-thumbnail","6":"product_cat-kleidung","7":"product_tag-b2","8":"product_shipping_class-paeckchen","10":"first","11":"outofstock","12":"taxable","13":"shipping-taxable","14":"purchasable","15":"product-type-variable"},"_links":{"self":[{"href":"https:\/\/bezirkzwo.de\/shop\/wp-json\/wp\/v2\/product\/397","targetHints":{"allow":["GET"]}}],"collection":[{"href":"https:\/\/bezirkzwo.de\/shop\/wp-json\/wp\/v2\/product"}],"about":[{"href":"https:\/\/bezirkzwo.de\/shop\/wp-json\/wp\/v2\/types\/product"}],"wp:featuredmedia":[{"embeddable":true,"href":"https:\/\/bezirkzwo.de\/shop\/wp-json\/wp\/v2\/media\/701"}],"wp:attachment":[{"href":"https:\/\/bezirkzwo.de\/shop\/wp-json\/wp\/v2\/media?parent=397"}],"wp:term":[{"taxonomy":"product_brand","embeddable":true,"href":"https:\/\/bezirkzwo.de\/shop\/wp-json\/wp\/v2\/product_brand?post=397"},{"taxonomy":"product_cat","embeddable":true,"href":"https:\/\/bezirkzwo.de\/shop\/wp-json\/wp\/v2\/product_cat?post=397"},{"taxonomy":"product_tag","embeddable":true,"href":"https:\/\/bezirkzwo.de\/shop\/wp-json\/wp\/v2\/product_tag?post=397"}],"curies":[{"name":"wp","href":"https:\/\/api.w.org\/{rel}","templated":true}]}}